{"id":2803,"date":"2024-08-26T15:48:13","date_gmt":"2024-08-26T13:48:13","guid":{"rendered":"https:\/\/www.ambulanzzentrum-schweinfurt.de\/wp\/?page_id=2803"},"modified":"2024-08-26T15:48:13","modified_gmt":"2024-08-26T13:48:13","slug":"aufklaerung-darmspiegelung","status":"publish","type":"page","link":"https:\/\/www.ambulanzzentrum-schweinfurt.de\/wp\/aufklaerung-darmspiegelung\/","title":{"rendered":"Aufkl\u00e4rungsgespr\u00e4ch Darmspiegelung"},"content":{"rendered":"\r\n<p>Sehr geehrte(r) Patient(in)!<\/p>\r\n\r\n\r\n\r\n<p>Wir laden Sie herzlich zu unseren t\u00e4glichen Aufkl\u00e4rungsgespr\u00e4chen zu Darmspiegelung ein, die zwischen 8 und 11 Uhr stattfinden.<\/p>\r\n<p>Dieses Angebot richtet sich an alle, die zur Vorsorgeuntersuchung kommen oder keine akuten Beschwerden haben. Um einen reibungslosen Ablauf gew\u00e4hrleisten zu k\u00f6nnen, w\u00fcrden wir Sie bitte das unten genannte Formular auszuf\u00fcllen.<\/p>\r\n<p>Wir freuen uns \u00fcber Ihren Besuch.<br \/><br \/>Ihr Praxisteam<\/p>\r\n\r\n\r\n\r\n<p><strong><a href=\"https:\/\/portal.ambulapps.de\/forms\/fill?id=4Kx0Ljdgd&amp;id=iaqEdsE7F&amp;id=2WhJ4N-dw&amp;id=x5hzoh-Vo&amp;id=PITsBzEJX&amp;id=dPwwfNaNd\" target=\"_blank\" rel=\"noreferrer noopener nofollow\">Bitte klicken Sie hier um zum Formular zu gelangen. Wir werden ein neues Fenster \u00f6ffnen und bitten Sie den Prozess komplett bis zu einer Best\u00e4tigung zu durchlaufen. <\/a><\/strong><\/p>\r\n","protected":false},"excerpt":{"rendered":"<p>Sehr geehrte(r) Patient(in)! Wir laden Sie herzlich zu unseren t\u00e4glichen Aufkl\u00e4rungsgespr\u00e4chen zu Darmspiegelung ein, die zwischen 8 und 11 Uhr stattfinden. Dieses Angebot richtet sich an alle, die zur Vorsorgeuntersuchung kommen oder keine akuten Beschwerden haben. Um einen reibungslosen Ablauf gew\u00e4hrleisten zu k\u00f6nnen, w\u00fcrden wir Sie bitte das unten genannte Formular auszuf\u00fcllen. Wir freuen uns [&hellip;]<\/p>\n","protected":false},"author":1,"featured_media":2345,"parent":0,"menu_order":0,"comment_status":"closed","ping_status":"closed","template":"","meta":[],"tags":[],"_links":{"self":[{"href":"https:\/\/www.ambulanzzentrum-schweinfurt.de\/wp\/wp-json\/wp\/v2\/pages\/2803"}],"collection":[{"href":"https:\/\/www.ambulanzzentrum-schweinfurt.de\/wp\/wp-json\/wp\/v2\/pages"}],"about":[{"href":"https:\/\/www.ambulanzzentrum-schweinfurt.de\/wp\/wp-json\/wp\/v2\/types\/page"}],"author":[{"embeddable":true,"href":"https:\/\/www.ambulanzzentrum-schweinfurt.de\/wp\/wp-json\/wp\/v2\/users\/1"}],"replies":[{"embeddable":true,"href":"https:\/\/www.ambulanzzentrum-schweinfurt.de\/wp\/wp-json\/wp\/v2\/comments?post=2803"}],"version-history":[{"count":1,"href":"https:\/\/www.ambulanzzentrum-schweinfurt.de\/wp\/wp-json\/wp\/v2\/pages\/2803\/revisions"}],"predecessor-version":[{"id":2804,"href":"https:\/\/www.ambulanzzentrum-schweinfurt.de\/wp\/wp-json\/wp\/v2\/pages\/2803\/revisions\/2804"}],"wp:featuredmedia":[{"embeddable":true,"href":"https:\/\/www.ambulanzzentrum-schweinfurt.de\/wp\/wp-json\/wp\/v2\/media\/2345"}],"wp:attachment":[{"href":"https:\/\/www.ambulanzzentrum-schweinfurt.de\/wp\/wp-json\/wp\/v2\/media?parent=2803"}],"wp:term":[{"taxonomy":"post_tag","embeddable":true,"href":"https:\/\/www.ambulanzzentrum-schweinfurt.de\/wp\/wp-json\/wp\/v2\/tags?post=2803"}],"curies":[{"name":"wp","href":"https:\/\/api.w.org\/{rel}","templated":true}]}}