{"id":27,"date":"2013-01-29T20:57:50","date_gmt":"2013-01-29T18:57:50","guid":{"rendered":"http:\/\/www.ambulanzzentrum-schweinfurt.de\/wp\/?page_id=27"},"modified":"2017-07-04T10:36:08","modified_gmt":"2017-07-04T08:36:08","slug":"onkologie","status":"publish","type":"page","link":"https:\/\/www.ambulanzzentrum-schweinfurt.de\/wp\/onkologie\/","title":{"rendered":"Onkologie"},"content":{"rendered":"<p><img decoding=\"async\" loading=\"lazy\" src=\"http:\/\/www.ambulanzzentrum-schweinfurt.de\/wp\/wp-content\/uploads\/Symbol-Pfeile.png\" alt=\"Symbol-Pfeile\" width=\"49\" height=\"35\" \/><\/p>\n<p>Wir f\u00fchren die gesamte internistische Tumorvorsorge und &#8211; nachsorge durch.<\/p>\n<p><img decoding=\"async\" loading=\"lazy\" src=\"http:\/\/www.ambulanzzentrum-schweinfurt.de\/wp\/wp-content\/uploads\/Symbol-Pfeile.png\" alt=\"Symbol-Pfeile\" width=\"49\" height=\"35\" \/><\/p>\n<p>Bei Verdacht auf eine m\u00f6gliche Tumorerkrankung kann eine vollst\u00e4ndige Tumorsuche erfolgen.<\/p>\n<p><img decoding=\"async\" loading=\"lazy\" class=\"alignnone wp-image-788\" src=\"http:\/\/www.ambulanzzentrum-schweinfurt.de\/wp\/wp-content\/uploads\/Onko-480x620.png\" alt=\"Onko\" width=\"480\" height=\"620\" srcset=\"https:\/\/www.ambulanzzentrum-schweinfurt.de\/wp\/wp-content\/uploads\/Onko-480x620.png 480w, https:\/\/www.ambulanzzentrum-schweinfurt.de\/wp\/wp-content\/uploads\/Onko-150x193.png 150w, https:\/\/www.ambulanzzentrum-schweinfurt.de\/wp\/wp-content\/uploads\/Onko-240x310.png 240w, https:\/\/www.ambulanzzentrum-schweinfurt.de\/wp\/wp-content\/uploads\/Onko.png 533w\" sizes=\"(max-width: 480px) 100vw, 480px\" \/><\/p>\n","protected":false},"excerpt":{"rendered":"<p>Wir f\u00fchren die gesamte internistische Tumorvorsorge und &#8211; nachsorge durch. Bei Verdacht auf eine m\u00f6gliche Tumorerkrankung kann eine vollst\u00e4ndige Tumorsuche erfolgen.<\/p>\n","protected":false},"author":1,"featured_media":0,"parent":0,"menu_order":0,"comment_status":"open","ping_status":"open","template":"","meta":[],"tags":[],"_links":{"self":[{"href":"https:\/\/www.ambulanzzentrum-schweinfurt.de\/wp\/wp-json\/wp\/v2\/pages\/27"}],"collection":[{"href":"https:\/\/www.ambulanzzentrum-schweinfurt.de\/wp\/wp-json\/wp\/v2\/pages"}],"about":[{"href":"https:\/\/www.ambulanzzentrum-schweinfurt.de\/wp\/wp-json\/wp\/v2\/types\/page"}],"author":[{"embeddable":true,"href":"https:\/\/www.ambulanzzentrum-schweinfurt.de\/wp\/wp-json\/wp\/v2\/users\/1"}],"replies":[{"embeddable":true,"href":"https:\/\/www.ambulanzzentrum-schweinfurt.de\/wp\/wp-json\/wp\/v2\/comments?post=27"}],"version-history":[{"count":10,"href":"https:\/\/www.ambulanzzentrum-schweinfurt.de\/wp\/wp-json\/wp\/v2\/pages\/27\/revisions"}],"predecessor-version":[{"id":1518,"href":"https:\/\/www.ambulanzzentrum-schweinfurt.de\/wp\/wp-json\/wp\/v2\/pages\/27\/revisions\/1518"}],"wp:attachment":[{"href":"https:\/\/www.ambulanzzentrum-schweinfurt.de\/wp\/wp-json\/wp\/v2\/media?parent=27"}],"wp:term":[{"taxonomy":"post_tag","embeddable":true,"href":"https:\/\/www.ambulanzzentrum-schweinfurt.de\/wp\/wp-json\/wp\/v2\/tags?post=27"}],"curies":[{"name":"wp","href":"https:\/\/api.w.org\/{rel}","templated":true}]}}